{"id":913,"date":"2024-10-08T20:54:43","date_gmt":"2024-10-08T20:54:43","guid":{"rendered":"https:\/\/ipsoar.org.ar\/site\/about\/"},"modified":"2024-11-20T14:14:52","modified_gmt":"2024-11-20T14:14:52","slug":"acerca-de-ipsoar","status":"publish","type":"page","link":"https:\/\/ipsoar.org.ar\/site\/acerca-de-ipsoar\/","title":{"rendered":"Acerca de IPSOAR"},"content":{"rendered":"\n<div class=\"wp-block-uagb-container uagb-block-25efe059 alignfull uagb-is-root-container\"><div class=\"uagb-container-inner-blocks-wrap\">\n<div class=\"wp-block-uagb-advanced-heading uagb-block-152b2cf8\"><h1 class=\"uagb-heading-text\">Somos IPSOAR<\/h1><\/div>\n<\/div><\/div>\n\n\n\n<div class=\"wp-block-uagb-container uagb-block-b90dbf14 alignfull uagb-is-root-container\"><div class=\"uagb-container-inner-blocks-wrap\">\n<p><\/p>\n\n\n\n<p>El equipo est\u00e1 compuesto por personas que provienen de distintas disciplinas, como son el Derecho, las Ciencias Pol\u00edticas, las Ciencias Econ\u00f3micas, la Sociolog\u00eda, la Filosof\u00eda, la Comunicaci\u00f3n Social y el Dise\u00f1o y Comunicaci\u00f3n Audiovisual, as\u00ed como tambi\u00e9n quienes han llevado adelante proyectos individuales por fuera del \u00e1mbito universitario. Estas distintas trayectorias confluyeron en la necesidad de articular experiencias en un proyecto colectivo que apunta a brindar las herramientas adquiridas a poblaciones en situaciones de vulnerabilidad social, aportando cada uno\/a desde perspectivas que se asumen como complementarias.<\/p>\n<\/div><\/div>\n\n\n\n<div class=\"wp-block-uagb-container uagb-layout-grid uagb-block-c07c1ca2 alignfull uagb-is-root-container\"><div class=\"uagb-container-inner-blocks-wrap\">\n<div class=\"wp-block-uagb-info-box uagb-block-439a912a uagb-infobox__content-wrap  uagb-infobox-icon-above-title uagb-infobox-image-valign-top\"><div class=\"uagb-ifb-content\"><div class=\"uagb-ifb-title-wrap\"><h2 class=\"uagb-ifb-title\">QU\u00c9 HACEMOS<\/h2><\/div><div class=\"uagb-ifb-separator\"><\/div><p class=\"uagb-ifb-desc\">Desde IPSOAR trabajamos en dos planos: uno que tiene que ver con el fortalecimiento de instituciones de la sociedad civil, p\u00fablicas y privadas, y otra que se aboca a la producci\u00f3n de insumos a partir de la investigaci\u00f3n.<br>&nbsp;<br>Para ello, llevamos adelante distintas estrategias de intervenci\u00f3n a trav\u00e9s de las cuales se pretende incidir en la realidad social, para fortalecer el trabajo de las instituciones de la sociedad civil y los organismos que tiene a su cargo la gesti\u00f3n de pol\u00edticas p\u00fablicas, con el prop\u00f3sito de potenciar aquellas buenas pr\u00e1cticas que permiten avanzar hacia mayores niveles de inclusi\u00f3n e igualdad social.<\/p><\/div><\/div>\n\n\n\n<div class=\"wp-block-uagb-image uagb-block-c2362fda wp-block-uagb-image--layout-default wp-block-uagb-image--effect-static wp-block-uagb-image--align-none\"><figure class=\"wp-block-uagb-image__figure\"><img decoding=\"async\" srcset=\"https:\/\/ipsoar.org.ar\/site\/wp-content\/uploads\/2024\/11\/IMG-20241113-WA0011-1024x683.jpg ,https:\/\/ipsoar.org.ar\/site\/wp-content\/uploads\/2024\/11\/IMG-20241113-WA0011.jpg 780w, https:\/\/ipsoar.org.ar\/site\/wp-content\/uploads\/2024\/11\/IMG-20241113-WA0011.jpg 360w\" sizes=\"auto, (max-width: 480px) 150px\" src=\"https:\/\/ipsoar.org.ar\/site\/wp-content\/uploads\/2024\/11\/IMG-20241113-WA0011-1024x683.jpg\" alt=\"\" class=\"uag-image-1066\" width=\"520\" height=\"347\" title=\"IMG-20241113-WA0011\" loading=\"lazy\" role=\"img\"\/><\/figure><\/div>\n<\/div><\/div>\n\n\n\n<div class=\"wp-block-uagb-container uagb-block-ada1b635 alignfull uagb-is-root-container\"><div class=\"uagb-container-inner-blocks-wrap\">\n<div class=\"wp-block-uagb-advanced-heading uagb-block-85aae344\"><h4 class=\"uagb-heading-text\">C\u00d3MO TRABAJAMOS?<\/h4><div class=\"uagb-separator\"><\/div><p class=\"uagb-desc-text\">El trabajo de IPSOAR articulado con instituciones de diversa \u00edndole se organiza en una serie de etapas que se detallan a continuaci\u00f3n. Si bien no se trata de pasos consecutivos, si son ejes considerados prioritarios para que la labor llevada adelante pueda tener impacto real y sostenido en el tiempo:<br>&nbsp;<br>Relevamiento y diagn\u00f3stico de dificultades al interior de las organizaciones con las cuales se trabaja.<br>&nbsp;<br>Capacitaci\u00f3n intensiva y peri\u00f3dica a personas a cargo de dinamizar el funcionamiento de las instituciones.<br>&nbsp;<br>Fortalecimiento del trabajo en equipo a trav\u00e9s de estrategias de abordaje colectivo de las dificultades.<br>&nbsp;<br>Elaboraci\u00f3n de estrategias que permitan generar instancias de participaci\u00f3n donde toda la comunidad que participa de la instituci\u00f3n se vea involucrada.<br>&nbsp;<br>Sistematizaci\u00f3n y producci\u00f3n de herramientas que permitan a las comunidades registrar sus experiencias para resolver futuros conflictos.<br>&nbsp;<br>Acompa\u00f1amiento del proceso de fortalecimiento de las redes de trabajo dentro de la instituci\u00f3n.<\/p><\/div>\n\n\n\n<div class=\"wp-block-uagb-container uagb-block-03a254f1\">\n<div class=\"wp-block-uagb-advanced-heading uagb-block-f897f70d\"><h4 class=\"uagb-heading-text\">Misi\u00f3n<\/h4><div class=\"uagb-separator\"><\/div><p class=\"uagb-desc-text\">El trabajo de IPSOAR articulado con instituciones de diversa \u00edndole se organiza en una serie de etapas que se detallan a continuaci\u00f3n. Si bien no se trata de pasos consecutivos, si son ejes considerados prioritarios para que la labor llevada adelante pueda tener impacto real y sostenido en el tiempo:<br>&nbsp;<br>Relevamiento y diagn\u00f3stico de dificultades al interior de las organizaciones con las cuales se trabaja.<br>&nbsp;<br>Capacitaci\u00f3n intensiva y peri\u00f3dica a personas a cargo de dinamizar el funcionamiento de las instituciones.<br>&nbsp;<br>Fortalecimiento del trabajo en equipo a trav\u00e9s de estrategias de abordaje colectivo de las dificultades.<br>&nbsp;<br>Elaboraci\u00f3n de estrategias que permitan generar instancias de participaci\u00f3n donde toda la comunidad que participa de la instituci\u00f3n se vea involucrada.<br>&nbsp;<br>Sistematizaci\u00f3n y producci\u00f3n de herramientas que permitan a las comunidades registrar sus experiencias para resolver futuros conflictos.<br>&nbsp;<br>Acompa\u00f1amiento del proceso de fortalecimiento de las redes de trabajo dentro de la instituci\u00f3n.<\/p><\/div>\n<\/div>\n<\/div><\/div>\n\n\n\n<div class=\"wp-block-uagb-container uagb-block-cf8dcd1a alignfull uagb-is-root-container\"><div class=\"uagb-container-inner-blocks-wrap\">\n<div class=\"wp-block-uagb-container uagb-block-27939164\">\n<div class=\"wp-block-uagb-advanced-heading uagb-block-080b54a8\"><h4 class=\"uagb-heading-text\">Misi\u00f3n<\/h4><div class=\"uagb-separator\"><\/div><\/div>\n\n\n\n<p>Nuestra misi\u00f3n es conjugar experiencias y saberes para desarrollar estrategias de trabajo tanto con organismos estatales como no gubernamentales, que contribuyan mejorar la calidad de vida de la poblaci\u00f3n, a trav\u00e9s del perfeccionamiento del sistema democr\u00e1tico y el acompa\u00f1amiento de sectores que inciden en la comunidad.<\/p>\n\n\n\n<p>A trav\u00e9s de nuestro aporte, promovemos el desarrollo de capacidades humanas y sociales, desde la identidad, la equidad territorial y la realizaci\u00f3n plena de cada una de las personas que forman parte de la comunidad.<\/p>\n\n\n\n<p>Desde esta visi\u00f3n, desarrollamos herramientas profesionales para asesorar y apoyar t\u00e9cnicamente a instituciones comunitarias como clubes, bibliotecas, centros culturales, centros de fomento, ONGs y asociaciones de diversa \u00edndole para que puedan perfeccionar los servicios que brindan cotidianamente. Asimismo, intentamos vincular las experiencias de estos sectores con el dise\u00f1o de pol\u00edticas p\u00fablicas que comprendan sus realidades, problem\u00e1ticas y expectativas.<\/p>\n\n\n\n<p>A partir de la cooperaci\u00f3n y la articulaci\u00f3n, buscamos intervenir en las red de unen a estas instituciones con quienes desde su lugar de gesti\u00f3n impulsan acciones que impactan en su desarrollo, generando estrategias que permitan evaluar las pol\u00edticas p\u00fablicas implementadas para que lleguen a sus destinatarios\/as.<\/p>\n\n\n\n<p>De esta manera, IPSOAR propone aportar en dos direcciones: produciendo insumos que permitan diagnosticar y evaluar las estrategias de intervenciones tanto estatales como no gubernamentales, y aportar a que las buenas pr\u00e1cticas detectadas puedan efectivamente alcanzar sus prop\u00f3sito, colaborando de este modo en el fortalecimiento del sistema democr\u00e1tica y, como consecuencia, en el mejoramiento de las condiciones de vida de la sociedad.<\/p>\n<\/div>\n\n\n\n<div class=\"wp-block-uagb-container uagb-block-f12f1649\">\n<div class=\"wp-block-uagb-advanced-heading uagb-block-5bae2600\"><h4 class=\"uagb-heading-text\">Objetivos<\/h4><div class=\"uagb-separator\"><\/div><\/div>\n\n\n\n<p>a. Generar insumos para la planificaci\u00f3n, monitoreo, evaluaci\u00f3n y\/o modificaci\u00f3n de pol\u00edticas p\u00fablicas, aportando al mejoramiento de la calidad institucional a trav\u00e9s de an\u00e1lisis, diagn\u00f3sticos y relevamientos.<\/p>\n\n\n\n<p>b. Promover, a trav\u00e9s de convenios de cooperaci\u00f3n y asistencia t\u00e9cnica con universidades, centros de estudio y organismos del sector p\u00fablico y privado, la elaboraci\u00f3n de proyectos que permitan realizar evaluaciones de impacto y monitoreo de pol\u00edticas p\u00fablicas y leyes.<\/p>\n\n\n\n<p>c. Realizar relevamientos que permitan identificar problem\u00e1ticas, generando diagn\u00f3sticos situados sobre las dificultades de distintos grupos sociales, a fin de acercar iniciativas de la sociedad civil a los actores gubernamentales correspondientes.<\/p>\n\n\n\n<p>d. Organizar debates p\u00fablicos, foros, seminarios y conferencias en los que se aborden tem\u00e1ticas relevantes para favorecer la inclusi\u00f3n social.<\/p>\n\n\n\n<p>e. Convocar mesas de trabajo, instancias de intercambio de experiencias e intervenciones que permitan generar insumos para la elaboraci\u00f3n de propuestas de pol\u00edticas p\u00fablicas.<\/p>\n\n\n\n<p>f. Contribuir al desarrollo social, al fortalecimiento de la democracia, y de la equidad social y de g\u00e9nero a trav\u00e9s de instancias de capacitaci\u00f3n y difusi\u00f3n de derechos con organizaciones de la sociedad civil, apuntando a la formaci\u00f3n de promotores sociales territoriales.<\/p>\n\n\n\n<p>g. Generar estrategias de publicaci\u00f3n, difusi\u00f3n y comunicaci\u00f3n que permitan acercar las herramientas construidas a la poblaci\u00f3n.<\/p>\n\n\n\n<p>h. Capacitar sobre, e implementar proyectos de planificaci\u00f3n estrat\u00e9gica en organismos p\u00fablicos o privados, apuntando al tratamiento de las capacidades organizacionales de los mismos.<\/p>\n<\/div>\n<\/div><\/div>\n\n\n\n<div class=\"wp-block-uagb-separator uagb-block-bafc3dba\"><div class=\"wp-block-uagb-separator__inner\" style=\"--my-background-image:\"><\/div><\/div>\n","protected":false},"excerpt":{"rendered":"<p>Somos IPSOAR El equipo est\u00e1 compuesto por personas que provienen de distintas disciplinas, como son el Derecho, las Ciencias Pol\u00edticas, las Ciencias Econ\u00f3micas, la Sociolog\u00eda, la Filosof\u00eda, la Comunicaci\u00f3n Social y el Dise\u00f1o y Comunicaci\u00f3n Audiovisual, as\u00ed como tambi\u00e9n quienes han llevado adelante proyectos individuales por fuera del \u00e1mbito universitario. Estas distintas trayectorias confluyeron en [&hellip;]<\/p>\n","protected":false},"author":1,"featured_media":0,"parent":0,"menu_order":0,"comment_status":"closed","ping_status":"closed","template":"","meta":{"_uag_custom_page_level_css":"","site-sidebar-layout":"no-sidebar","site-content-layout":"plain-container","ast-site-content-layout":"full-width-container","site-content-style":"unboxed","site-sidebar-style":"unboxed","ast-global-header-display":"","ast-banner-title-visibility":"","ast-main-header-display":"","ast-hfb-above-header-display":"","ast-hfb-below-header-display":"","ast-hfb-mobile-header-display":"","site-post-title":"disabled","ast-breadcrumbs-content":"","ast-featured-img":"disabled","footer-sml-layout":"","ast-disable-related-posts":"","theme-transparent-header-meta":"enabled","adv-header-id-meta":"","stick-header-meta":"","header-above-stick-meta":"","header-main-stick-meta":"","header-below-stick-meta":"","astra-migrate-meta-layouts":"set","ast-page-background-enabled":"default","ast-page-background-meta":{"desktop":{"background-color":"","background-image":"","background-repeat":"repeat","background-position":"center center","background-size":"auto","background-attachment":"scroll","background-type":"","background-media":"","overlay-type":"","overlay-color":"","overlay-opacity":"","overlay-gradient":""},"tablet":{"background-color":"","background-image":"","background-repeat":"repeat","background-position":"center center","background-size":"auto","background-attachment":"scroll","background-type":"","background-media":"","overlay-type":"","overlay-color":"","overlay-opacity":"","overlay-gradient":""},"mobile":{"background-color":"","background-image":"","background-repeat":"repeat","background-position":"center center","background-size":"auto","background-attachment":"scroll","background-type":"","background-media":"","overlay-type":"","overlay-color":"","overlay-opacity":"","overlay-gradient":""}},"ast-content-background-meta":{"desktop":{"background-color":"var(--ast-global-color-5)","background-image":"","background-repeat":"repeat","background-position":"center center","background-size":"auto","background-attachment":"scroll","background-type":"","background-media":"","overlay-type":"","overlay-color":"","overlay-opacity":"","overlay-gradient":""},"tablet":{"background-color":"var(--ast-global-color-5)","background-image":"","background-repeat":"repeat","background-position":"center center","background-size":"auto","background-attachment":"scroll","background-type":"","background-media":"","overlay-type":"","overlay-color":"","overlay-opacity":"","overlay-gradient":""},"mobile":{"background-color":"var(--ast-global-color-5)","background-image":"","background-repeat":"repeat","background-position":"center center","background-size":"auto","background-attachment":"scroll","background-type":"","background-media":"","overlay-type":"","overlay-color":"","overlay-opacity":"","overlay-gradient":""}},"footnotes":""},"class_list":["post-913","page","type-page","status-publish","hentry"],"uagb_featured_image_src":{"full":false,"thumbnail":false,"medium":false,"medium_large":false,"large":false,"1536x1536":false,"2048x2048":false},"uagb_author_info":{"display_name":"admin","author_link":"https:\/\/ipsoar.org.ar\/site\/author\/admin\/"},"uagb_comment_info":0,"uagb_excerpt":"Somos IPSOAR El equipo est\u00e1 compuesto por personas que provienen de distintas disciplinas, como son el Derecho, las Ciencias Pol\u00edticas, las Ciencias Econ\u00f3micas, la Sociolog\u00eda, la Filosof\u00eda, la Comunicaci\u00f3n Social y el Dise\u00f1o y Comunicaci\u00f3n Audiovisual, as\u00ed como tambi\u00e9n quienes han llevado adelante proyectos individuales por fuera del \u00e1mbito universitario. Estas distintas trayectorias confluyeron en&hellip;","_links":{"self":[{"href":"https:\/\/ipsoar.org.ar\/site\/wp-json\/wp\/v2\/pages\/913","targetHints":{"allow":["GET"]}}],"collection":[{"href":"https:\/\/ipsoar.org.ar\/site\/wp-json\/wp\/v2\/pages"}],"about":[{"href":"https:\/\/ipsoar.org.ar\/site\/wp-json\/wp\/v2\/types\/page"}],"author":[{"embeddable":true,"href":"https:\/\/ipsoar.org.ar\/site\/wp-json\/wp\/v2\/users\/1"}],"replies":[{"embeddable":true,"href":"https:\/\/ipsoar.org.ar\/site\/wp-json\/wp\/v2\/comments?post=913"}],"version-history":[{"count":7,"href":"https:\/\/ipsoar.org.ar\/site\/wp-json\/wp\/v2\/pages\/913\/revisions"}],"predecessor-version":[{"id":1108,"href":"https:\/\/ipsoar.org.ar\/site\/wp-json\/wp\/v2\/pages\/913\/revisions\/1108"}],"wp:attachment":[{"href":"https:\/\/ipsoar.org.ar\/site\/wp-json\/wp\/v2\/media?parent=913"}],"curies":[{"name":"wp","href":"https:\/\/api.w.org\/{rel}","templated":true}]}}