{"id":10,"date":"2024-10-08T20:54:43","date_gmt":"2024-10-08T20:54:43","guid":{"rendered":"https:\/\/ipsoar.org.ar\/site\/home\/"},"modified":"2024-11-15T16:11:37","modified_gmt":"2024-11-15T16:11:37","slug":"home","status":"publish","type":"page","link":"https:\/\/ipsoar.org.ar\/site\/","title":{"rendered":"Inicio"},"content":{"rendered":"\n<div class=\"wp-block-uagb-container uagb-block-80f8b66e alignfull uagb-is-root-container\"><div class=\"uagb-container-inner-blocks-wrap\">\n<div class=\"wp-block-uagb-info-box uagb-block-ea1e98f0 uagb-infobox__content-wrap  uagb-infobox-icon-above-title uagb-infobox-image-valign-top\"><div class=\"uagb-ifb-content\"><div class=\"uagb-ifb-title-wrap\"><h3 class=\"uagb-ifb-title-prefix\">Bienvenidos!<\/h3><div class=\"uagb-ifb-separator\"><\/div><h1 class=\"uagb-ifb-title\">IPSOAR<br>Instituto de Pol\u00edticas Sociales para Argentina<gwmw style=\"display:none;\"><gwmw style=\"display:none;\"><\/gwmw><\/gwmw><\/h1><\/div><div class=\"uagb-ifb-button-wrapper wp-block-button\"><a href=\"#\" class=\"uagb-infobox-cta-link wp-block-button__link\" target=\"_self\" rel=\"noopener noreferrer\" onclick=\"return false;\"><span class=\"uagb-inline-editing\">SUMATE<\/span><svg xmlns=\"https:\/\/www.w3.org\/2000\/svg\" viewBox=\"0 0 512 512\"><path d=\"M480 128v208c0 97.05-78.95 176-176 176h-37.72c-53.42 0-103.7-20.8-141.4-58.58l-113.1-113.1C3.906 332.5 0 322.2 0 312C0 290.7 17.15 272 40 272c10.23 0 20.47 3.906 28.28 11.72L128 343.4V64c0-17.67 14.33-32 32-32s32 14.33 32 32l.0729 176C192.1 248.8 199.2 256 208 256s16.07-7.164 16.07-16L224 32c0-17.67 14.33-32 32-32s32 14.33 32 32l.0484 208c0 8.836 7.111 16 15.95 16S320 248.8 320 240L320 64c0-17.67 14.33-32 32-32s32 14.33 32 32l.0729 176c0 8.836 7.091 16 15.93 16S416 248.8 416 240V128c0-17.67 14.33-32 32-32S480 110.3 480 128z\"><\/path><\/svg><\/a><\/div><\/div><\/div>\n<\/div><\/div>\n\n\n\n<div class=\"wp-block-uagb-container uagb-layout-grid uagb-block-6f3d1c23 alignfull uagb-is-root-container\"><div class=\"uagb-container-inner-blocks-wrap\">\n<div class=\"wp-block-uagb-image alignleft uagb-block-30761a03 wp-block-uagb-image--layout-default wp-block-uagb-image--effect-static wp-block-uagb-image--align-left\"><figure class=\"wp-block-uagb-image__figure\"><img decoding=\"async\" srcset=\"https:\/\/ipsoar.org.ar\/site\/wp-content\/uploads\/2022\/08\/quote-1.png ,https:\/\/ipsoar.org.ar\/site\/wp-content\/uploads\/2022\/08\/quote-1.png 780w\" sizes=\"auto, (max-width: 480px) 150px\" src=\"https:\/\/ipsoar.org.ar\/site\/wp-content\/uploads\/2022\/08\/quote-1.png\" alt=\"\" class=\"uag-image-322\" width=\"94\" height=\"72\" title=\"\" loading=\"lazy\" role=\"img\"\/><\/figure><\/div>\n\n\n\n<div class=\"wp-block-uagb-testimonial uagb-slick-carousel uagb-tm__arrow-outside uagb-block-5f7b5c65 uagb-post__carousel_notset uagb-post__carousel_notset-tablet uagb-post__carousel_notset-mobile\"><div class=\"is-carousel uagb-tm__columns-1 uagb-tm__items\"><div class=\"uagb-testimonial__wrap  uagb-tm__imgicon-style-circle uagb-tm__image-position-bottom uagb-tm__bg-type-none \"><div class=\"uagb-tm__content\"><div class=\"uagb-tm__overlay\"><\/div><div class=\"uagb-tm__text-wrap\"><div class=\"uagb-tm__desc\">\u00abSomos un grupo de personas provenientes del \u00e1mbito universitario, profesionales y trabajadores\/as del sector p\u00fablico y privado. Decidimos encontrarnos para enfocar nuestros conocimientos y capacidad de trabajo en proyectos que unan a diferentes actores de la comunidad con el fin de favorecer la inclusi\u00f3n social.\u00bb<\/div><div class=\"uagb-tm__meta-inner\"><div class=\"uagb-testimonial-details\"><span class=\"uagb-tm__author-name\">GRUPO IPSOAR<\/span><span class=\"uagb-tm__company\">Company Name<\/span><\/div><\/div><\/div><\/div><\/div><\/div><\/div>\n<\/div><\/div>\n\n\n\n<div class=\"wp-block-uagb-separator uagb-block-0ab48c92\"><div class=\"wp-block-uagb-separator__inner\" style=\"--my-background-image:\"><\/div><\/div>\n\n\n<p>[trustindex-feed-instagram]<\/p>\n\n\n\n<div class=\"wp-block-uagb-separator uagb-block-f6cb717e\"><div class=\"wp-block-uagb-separator__inner\" style=\"--my-background-image:\"><\/div><\/div>\n\n\n\n<div class=\"wp-block-uagb-container uagb-block-4e5b41fa alignfull uagb-is-root-container\"><div class=\"uagb-container-inner-blocks-wrap\">\n<div class=\"wp-block-uagb-advanced-heading uagb-block-ed3416f6\"><h2 class=\"uagb-heading-text\">\u00bfQU\u00c9 HACEMOS?<\/h2><div class=\"uagb-separator\"><\/div><\/div>\n\n\n\n<div class=\"wp-block-uagb-container uagb-block-0c24c3bb\">\n<div class=\"wp-block-uagb-container uagb-block-2f95617e\">\n<div class=\"wp-block-uagb-info-box uagb-block-2935a13f uagb-infobox__content-wrap  uagb-infobox-icon-above-title uagb-infobox-image-valign-top\"><div class=\"uagb-ifb-content\"><div class=\"uagb-ifb-icon-wrap\"><svg xmlns=\"https:\/\/www.w3.org\/2000\/svg\" viewBox=\"0 0 576 512\"><path d=\"M279.6 160.4C282.4 160.1 285.2 160 288 160C341 160 384 202.1 384 256C384 309 341 352 288 352C234.1 352 192 309 192 256C192 253.2 192.1 250.4 192.4 247.6C201.7 252.1 212.5 256 224 256C259.3 256 288 227.3 288 192C288 180.5 284.1 169.7 279.6 160.4zM480.6 112.6C527.4 156 558.7 207.1 573.5 243.7C576.8 251.6 576.8 260.4 573.5 268.3C558.7 304 527.4 355.1 480.6 399.4C433.5 443.2 368.8 480 288 480C207.2 480 142.5 443.2 95.42 399.4C48.62 355.1 17.34 304 2.461 268.3C-.8205 260.4-.8205 251.6 2.461 243.7C17.34 207.1 48.62 156 95.42 112.6C142.5 68.84 207.2 32 288 32C368.8 32 433.5 68.84 480.6 112.6V112.6zM288 112C208.5 112 144 176.5 144 256C144 335.5 208.5 400 288 400C367.5 400 432 335.5 432 256C432 176.5 367.5 112 288 112z\"><\/path><\/svg><\/div><div class=\"uagb-ifb-title-wrap\"><h5 class=\"uagb-ifb-title\">CONSULTORIA<\/h5><\/div><p class=\"uagb-ifb-desc\">Implementamos proyectos de planificaci\u00f3n estrat\u00e9gica en organismos p\u00fablicos o privados, apuntando al tratamiento de las capacidades organizacionales de los mismos.<\/p><\/div><\/div>\n<\/div>\n\n\n\n<div class=\"wp-block-uagb-container uagb-block-65b8b623\">\n<div class=\"wp-block-uagb-info-box uagb-block-c27f163a uagb-infobox__content-wrap  uagb-infobox-icon-above-title uagb-infobox-image-valign-top\"><div class=\"uagb-ifb-content\"><div class=\"uagb-ifb-icon-wrap\"><svg xmlns=\"https:\/\/www.w3.org\/2000\/svg\" viewBox=\"0 0 640 512\"><path d=\"M288 48C288 21.49 309.5 0 336 0H432C458.5 0 480 21.49 480 48V192H520V120C520 106.7 530.7 96 544 96C557.3 96 568 106.7 568 120V192H592C618.5 192 640 213.5 640 240V464C640 490.5 618.5 512 592 512H336C309.5 512 288 490.5 288 464V48zM352 112C352 120.8 359.2 128 368 128H400C408.8 128 416 120.8 416 112V80C416 71.16 408.8 64 400 64H368C359.2 64 352 71.16 352 80V112zM368 160C359.2 160 352 167.2 352 176V208C352 216.8 359.2 224 368 224H400C408.8 224 416 216.8 416 208V176C416 167.2 408.8 160 400 160H368zM352 304C352 312.8 359.2 320 368 320H400C408.8 320 416 312.8 416 304V272C416 263.2 408.8 256 400 256H368C359.2 256 352 263.2 352 272V304zM528 256C519.2 256 512 263.2 512 272V304C512 312.8 519.2 320 528 320H560C568.8 320 576 312.8 576 304V272C576 263.2 568.8 256 560 256H528zM512 400C512 408.8 519.2 416 528 416H560C568.8 416 576 408.8 576 400V368C576 359.2 568.8 352 560 352H528C519.2 352 512 359.2 512 368V400zM246.6 233.4C259.1 245.9 259.1 266.1 246.6 278.6L166.6 358.6C154.1 371.1 133.9 371.1 121.4 358.6C108.9 346.1 108.9 325.9 121.4 313.4L146.7 288H32C14.33 288 0 273.7 0 256C0 238.3 14.33 224 32 224H146.7L121.4 198.6C108.9 186.1 108.9 165.9 121.4 153.4C133.9 140.9 154.1 140.9 166.6 153.4L246.6 233.4z\"><\/path><\/svg><\/div><div class=\"uagb-ifb-title-wrap\"><h5 class=\"uagb-ifb-title\">COMUNICACION INSTITUCIONAL<\/h5><\/div><p class=\"uagb-ifb-desc\">Implementamos proyectos de planificaci\u00f3n estrat\u00e9gica en organismos p\u00fablicos o privados, apuntando al tratamiento de las capacidades organizacionales de los mismos.<\/p><\/div><\/div>\n<\/div>\n<\/div>\n\n\n\n<div class=\"wp-block-uagb-container uagb-block-b43e8696\">\n<div class=\"wp-block-uagb-container uagb-block-3d53a40d\">\n<div class=\"wp-block-uagb-info-box uagb-block-542c8ceb uagb-infobox__content-wrap  uagb-infobox-icon-above-title uagb-infobox-image-valign-top\"><div class=\"uagb-ifb-content\"><div class=\"uagb-ifb-icon-wrap\"><svg xmlns=\"https:\/\/www.w3.org\/2000\/svg\" viewBox=\"0 0 512 512\"><path d=\"M500.3 7.251C507.7 13.33 512 22.41 512 31.1V175.1C512 202.5 483.3 223.1 447.1 223.1C412.7 223.1 383.1 202.5 383.1 175.1C383.1 149.5 412.7 127.1 447.1 127.1V71.03L351.1 90.23V207.1C351.1 234.5 323.3 255.1 287.1 255.1C252.7 255.1 223.1 234.5 223.1 207.1C223.1 181.5 252.7 159.1 287.1 159.1V63.1C287.1 48.74 298.8 35.61 313.7 32.62L473.7 .6198C483.1-1.261 492.9 1.173 500.3 7.251H500.3zM74.66 303.1L86.5 286.2C92.43 277.3 102.4 271.1 113.1 271.1H174.9C185.6 271.1 195.6 277.3 201.5 286.2L213.3 303.1H239.1C266.5 303.1 287.1 325.5 287.1 351.1V463.1C287.1 490.5 266.5 511.1 239.1 511.1H47.1C21.49 511.1-.0019 490.5-.0019 463.1V351.1C-.0019 325.5 21.49 303.1 47.1 303.1H74.66zM143.1 359.1C117.5 359.1 95.1 381.5 95.1 407.1C95.1 434.5 117.5 455.1 143.1 455.1C170.5 455.1 191.1 434.5 191.1 407.1C191.1 381.5 170.5 359.1 143.1 359.1zM440.3 367.1H496C502.7 367.1 508.6 372.1 510.1 378.4C513.3 384.6 511.6 391.7 506.5 396L378.5 508C372.9 512.1 364.6 513.3 358.6 508.9C352.6 504.6 350.3 496.6 353.3 489.7L391.7 399.1H336C329.3 399.1 323.4 395.9 321 389.6C318.7 383.4 320.4 376.3 325.5 371.1L453.5 259.1C459.1 255 467.4 254.7 473.4 259.1C479.4 263.4 481.6 271.4 478.7 278.3L440.3 367.1zM116.7 219.1L19.85 119.2C-8.112 90.26-6.614 42.31 24.85 15.34C51.82-8.137 93.26-3.642 118.2 21.83L128.2 32.32L137.7 21.83C162.7-3.642 203.6-8.137 231.6 15.34C262.6 42.31 264.1 90.26 236.1 119.2L139.7 219.1C133.2 225.6 122.7 225.6 116.7 219.1H116.7z\"><\/path><\/svg><\/div><div class=\"uagb-ifb-title-wrap\"><h5 class=\"uagb-ifb-title\">LAZOS SOCIALES<\/h5><\/div><p class=\"uagb-ifb-desc\">Realizamos relevamientos que permitan identificar problem\u00e1ticas en instituciones, generando diagn\u00f3sticos situados sobre las dificultades de distintos grupos sociales.<\/p><\/div><\/div>\n<\/div>\n\n\n\n<div class=\"wp-block-uagb-container uagb-block-23643c17\">\n<div class=\"wp-block-uagb-info-box uagb-block-662ca886 uagb-infobox__content-wrap  uagb-infobox-icon-above-title uagb-infobox-image-valign-top\"><div class=\"uagb-ifb-content\"><div class=\"uagb-ifb-icon-wrap\"><svg xmlns=\"https:\/\/www.w3.org\/2000\/svg\" viewBox=\"0 0 512 512\"><path d=\"M512 256C512 397.4 397.4 512 256 512C114.6 512 0 397.4 0 256C0 114.6 114.6 0 256 0C397.4 0 512 114.6 512 256zM57.71 192.1L67.07 209.4C75.36 223.9 88.99 234.6 105.1 239.2L162.1 255.7C180.2 260.6 192 276.3 192 294.2V334.1C192 345.1 198.2 355.1 208 359.1C217.8 364.9 224 374.9 224 385.9V424.9C224 440.5 238.9 451.7 253.9 447.4C270.1 442.8 282.5 429.1 286.6 413.7L289.4 402.5C293.6 385.6 304.6 371.1 319.7 362.4L327.8 357.8C342.8 349.3 352 333.4 352 316.1V307.9C352 295.1 346.9 282.9 337.9 273.9L334.1 270.1C325.1 261.1 312.8 255.1 300.1 255.1H256.1C245.9 255.1 234.9 253.1 225.2 247.6L190.7 227.8C186.4 225.4 183.1 221.4 181.6 216.7C178.4 207.1 182.7 196.7 191.7 192.1L197.7 189.2C204.3 185.9 211.9 185.3 218.1 187.7L242.2 195.4C250.3 198.1 259.3 195 264.1 187.9C268.8 180.8 268.3 171.5 262.9 165L249.3 148.8C239.3 136.8 239.4 119.3 249.6 107.5L265.3 89.12C274.1 78.85 275.5 64.16 268.8 52.42L266.4 48.26C262.1 48.09 259.5 48 256 48C163.1 48 84.4 108.9 57.71 192.1L57.71 192.1zM437.6 154.5L412 164.8C396.3 171.1 388.2 188.5 393.5 204.6L410.4 255.3C413.9 265.7 422.4 273.6 433 276.3L462.2 283.5C463.4 274.5 464 265.3 464 256C464 219.2 454.4 184.6 437.6 154.5H437.6z\"><\/path><\/svg><\/div><div class=\"uagb-ifb-title-wrap\"><h5 class=\"uagb-ifb-title\">POLITICAS PUBLICAS<\/h5><\/div><p class=\"uagb-ifb-desc\">Realizamos relevamientos que permitan identificar problem\u00e1ticas en instituciones, generando diagn\u00f3sticos situados sobre las dificultades de distintos grupos sociales.<\/p><\/div><\/div>\n<\/div>\n<\/div>\n<\/div><\/div>\n\n\n\n<div class=\"wp-block-uagb-container uagb-block-0127aa57 alignfull uagb-is-root-container\"><div class=\"uagb-container-inner-blocks-wrap\">\n<div class=\"wp-block-uagb-info-box uagb-block-f36d28c7 uagb-infobox__content-wrap  uagb-infobox-icon-above-title uagb-infobox-image-valign-top\"><div class=\"uagb-ifb-content\"><div class=\"uagb-ifb-title-wrap\"><h2 class=\"uagb-ifb-title\">IPSOAR&nbsp; | Instituto de Pol\u00edticas Sociales para Argentina<\/h2><\/div><div class=\"uagb-ifb-separator\"><\/div><p class=\"uagb-ifb-desc\">.<\/p><div class=\"uagb-ifb-button-wrapper wp-block-button\"><a href=\"#\" class=\"uagb-infobox-cta-link wp-block-button__link\" target=\"_self\" rel=\"noopener noreferrer\" onclick=\"return false;\"><span class=\"uagb-inline-editing\">SUMATE<\/span><svg xmlns=\"https:\/\/www.w3.org\/2000\/svg\" viewBox=\"0 0 512 512\"><path d=\"M480 128v208c0 97.05-78.95 176-176 176h-37.72c-53.42 0-103.7-20.8-141.4-58.58l-113.1-113.1C3.906 332.5 0 322.2 0 312C0 290.7 17.15 272 40 272c10.23 0 20.47 3.906 28.28 11.72L128 343.4V64c0-17.67 14.33-32 32-32s32 14.33 32 32l.0729 176C192.1 248.8 199.2 256 208 256s16.07-7.164 16.07-16L224 32c0-17.67 14.33-32 32-32s32 14.33 32 32l.0484 208c0 8.836 7.111 16 15.95 16S320 248.8 320 240L320 64c0-17.67 14.33-32 32-32s32 14.33 32 32l.0729 176c0 8.836 7.091 16 15.93 16S416 248.8 416 240V128c0-17.67 14.33-32 32-32S480 110.3 480 128z\"><\/path><\/svg><\/a><\/div><\/div><\/div>\n<\/div><\/div>\n\n\n\n<div class=\"wp-block-uagb-container uagb-block-dc26774f alignfull uagb-is-root-container\"><div class=\"uagb-container-inner-blocks-wrap\">\n<div class=\"wp-block-uagb-advanced-heading uagb-block-b31826a4\"><h2 class=\"uagb-heading-text\">ESPACIOS DE TRABAJO<\/h2><div class=\"uagb-separator\"><\/div><\/div>\n\n\n\n<div class=\"wp-block-uagb-container uagb-block-19ec6b76\">\n<div class=\"wp-block-uagb-container uagb-block-f5686cee\">\n<div class=\"wp-block-uagb-image aligncenter uagb-block-0332facb wp-block-uagb-image--layout-default wp-block-uagb-image--effect-static wp-block-uagb-image--align-center\"><figure class=\"wp-block-uagb-image__figure\"><img decoding=\"async\" srcset=\"https:\/\/ipsoar.org.ar\/site\/wp-content\/uploads\/2024\/11\/SALUD.jpg ,https:\/\/ipsoar.org.ar\/site\/wp-content\/uploads\/2024\/11\/SALUD.jpg 780w, https:\/\/ipsoar.org.ar\/site\/wp-content\/uploads\/2024\/11\/SALUD.jpg 360w\" sizes=\"auto, (max-width: 480px) 150px\" src=\"https:\/\/ipsoar.org.ar\/site\/wp-content\/uploads\/2024\/11\/SALUD.jpg\" alt=\"\" class=\"uag-image-1085\" width=\"174\" height=\"174\" title=\"SALUD\" loading=\"lazy\" role=\"img\"\/><\/figure><\/div>\n\n\n\n<div class=\"wp-block-uagb-info-box uagb-block-ad43d963 uagb-infobox__content-wrap  uagb-infobox-icon-above-title uagb-infobox-image-valign-top\"><div class=\"uagb-ifb-content\"><div class=\"uagb-ifb-title-wrap\"><h5 class=\"uagb-ifb-title\">SALUD<\/h5><\/div><p class=\"uagb-ifb-desc\">Tiene como objetivo principal contribuir al mejoramiento de la calidad de vida de la poblaci\u00f3n, promoviendo la salud integral y la equidad en el acceso a los servicios de salud. Consideramos que el acceso a la atenci\u00f3n m\u00e9dica y la promoci\u00f3n de h\u00e1bitos saludables son pilares fundamentales para el desarrollo humano y la inclusi\u00f3n social. Por lo tanto, la creaci\u00f3n de esta \u00e1rea nos permitir\u00e1 abordar de manera m\u00e1s efectiva los desaf\u00edos y necesidades relacionados con la salud de la comunidad.<\/p><div class=\"uagb-ifb-button-wrapper wp-block-button\"><a href=\"#\" class=\"uagb-infobox-cta-link wp-block-button__link\" target=\"_self\" rel=\"noopener noreferrer\" onclick=\"return false;\"><span class=\"uagb-inline-editing\">+INFO<\/span><svg xmlns=\"https:\/\/www.w3.org\/2000\/svg\" viewBox=\"0 0 512 512\"><path d=\"M504.3 273.6l-112.1 104c-6.992 6.484-17.18 8.218-25.94 4.406c-8.758-3.812-14.42-12.45-14.42-21.1L351.9 288H32C14.33 288 .0002 273.7 .0002 255.1S14.33 224 32 224h319.9l0-72c0-9.547 5.66-18.19 14.42-22c8.754-3.809 18.95-2.075 25.94 4.41l112.1 104C514.6 247.9 514.6 264.1 504.3 273.6z\"><\/path><\/svg><\/a><\/div><\/div><\/div>\n<\/div>\n\n\n\n<div class=\"wp-block-uagb-container uagb-block-e941c1c1\">\n<div class=\"wp-block-uagb-image aligncenter uagb-block-0bd6c4a6 wp-block-uagb-image--layout-default wp-block-uagb-image--effect-static wp-block-uagb-image--align-center\"><figure class=\"wp-block-uagb-image__figure\"><img decoding=\"async\" srcset=\"https:\/\/ipsoar.org.ar\/site\/wp-content\/uploads\/2024\/11\/CUKTURA.jpg ,https:\/\/ipsoar.org.ar\/site\/wp-content\/uploads\/2024\/11\/CUKTURA.jpg 780w, https:\/\/ipsoar.org.ar\/site\/wp-content\/uploads\/2024\/11\/CUKTURA.jpg 360w\" sizes=\"auto, (max-width: 480px) 150px\" src=\"https:\/\/ipsoar.org.ar\/site\/wp-content\/uploads\/2024\/11\/CUKTURA.jpg\" alt=\"\" class=\"uag-image-1086\" width=\"174\" height=\"174\" title=\"CUKTURA\" loading=\"lazy\" role=\"img\"\/><\/figure><\/div>\n\n\n\n<div class=\"wp-block-uagb-info-box uagb-block-3d640c5f uagb-infobox__content-wrap  uagb-infobox-icon-above-title uagb-infobox-image-valign-top\"><div class=\"uagb-ifb-content\"><div class=\"uagb-ifb-title-wrap\"><h5 class=\"uagb-ifb-title\">CULTURA<\/h5><\/div><p class=\"uagb-ifb-desc\">Tiene como objetivo principal promover el desarrollo cultural y fortalecer la identidad y el sentido de pertenencia de la comunidad. Reconocemos que la cultura desempe\u00f1a un papel crucial en la cohesi\u00f3n social y el enriquecimiento del tejido cultural de la sociedad. Por lo tanto, la creaci\u00f3n de esta \u00e1rea nos permitir\u00e1 impulsar iniciativas que fomenten la participaci\u00f3n ciudadana en actividades culturales y art\u00edsticas, as\u00ed como la preservaci\u00f3n y difusi\u00f3n del patrimonio cultural argentino.<\/p><div class=\"uagb-ifb-button-wrapper wp-block-button\"><a href=\"#\" class=\"uagb-infobox-cta-link wp-block-button__link\" target=\"_self\" rel=\"noopener noreferrer\" onclick=\"return false;\"><span class=\"uagb-inline-editing\">+INFO<\/span><svg xmlns=\"https:\/\/www.w3.org\/2000\/svg\" viewBox=\"0 0 512 512\"><path d=\"M504.3 273.6l-112.1 104c-6.992 6.484-17.18 8.218-25.94 4.406c-8.758-3.812-14.42-12.45-14.42-21.1L351.9 288H32C14.33 288 .0002 273.7 .0002 255.1S14.33 224 32 224h319.9l0-72c0-9.547 5.66-18.19 14.42-22c8.754-3.809 18.95-2.075 25.94 4.41l112.1 104C514.6 247.9 514.6 264.1 504.3 273.6z\"><\/path><\/svg><\/a><\/div><\/div><\/div>\n<\/div>\n<\/div>\n\n\n\n<div class=\"wp-block-uagb-container uagb-block-da7f4d0d\">\n<div class=\"wp-block-uagb-container uagb-block-29b21ad4\">\n<div class=\"wp-block-uagb-image aligncenter uagb-block-552b2c09 wp-block-uagb-image--layout-default wp-block-uagb-image--effect-static wp-block-uagb-image--align-center\"><figure class=\"wp-block-uagb-image__figure\"><img decoding=\"async\" srcset=\"https:\/\/ipsoar.org.ar\/site\/wp-content\/uploads\/2024\/11\/SOCIAL.jpg ,https:\/\/ipsoar.org.ar\/site\/wp-content\/uploads\/2024\/11\/SOCIAL.jpg 780w, https:\/\/ipsoar.org.ar\/site\/wp-content\/uploads\/2024\/11\/SOCIAL.jpg 360w\" sizes=\"auto, (max-width: 480px) 150px\" src=\"https:\/\/ipsoar.org.ar\/site\/wp-content\/uploads\/2024\/11\/SOCIAL.jpg\" alt=\"\" class=\"uag-image-1088\" width=\"174\" height=\"174\" title=\"SOCIAL\" loading=\"lazy\" role=\"img\"\/><\/figure><\/div>\n\n\n\n<div class=\"wp-block-uagb-info-box uagb-block-63164fb3 uagb-infobox__content-wrap  uagb-infobox-icon-above-title uagb-infobox-image-valign-top\"><div class=\"uagb-ifb-content\"><div class=\"uagb-ifb-title-wrap\"><h5 class=\"uagb-ifb-title\">SOCIAL<\/h5><\/div><p class=\"uagb-ifb-desc\">Tiene como objetivo principal contribuir al fortalecimiento del tejido social y la construcci\u00f3n de una sociedad m\u00e1s justa y solidaria. Reconocemos que existen desaf\u00edos y problem\u00e1ticas sociales que requieren de la acci\u00f3n coordinada y comprometida de diferentes actores para su abordaje. Por lo tanto, la creaci\u00f3n de este \u00e1rea nos permitir\u00e1 impulsar iniciativas que promuevan la solidaridad, la cooperaci\u00f3n y el bienestar de los sectores m\u00e1s vulnerables de la sociedad.<\/p><div class=\"uagb-ifb-button-wrapper wp-block-button\"><a href=\"#\" class=\"uagb-infobox-cta-link wp-block-button__link\" target=\"_self\" rel=\"noopener noreferrer\" onclick=\"return false;\"><span class=\"uagb-inline-editing\">+INFO<\/span><svg xmlns=\"https:\/\/www.w3.org\/2000\/svg\" viewBox=\"0 0 512 512\"><path d=\"M504.3 273.6l-112.1 104c-6.992 6.484-17.18 8.218-25.94 4.406c-8.758-3.812-14.42-12.45-14.42-21.1L351.9 288H32C14.33 288 .0002 273.7 .0002 255.1S14.33 224 32 224h319.9l0-72c0-9.547 5.66-18.19 14.42-22c8.754-3.809 18.95-2.075 25.94 4.41l112.1 104C514.6 247.9 514.6 264.1 504.3 273.6z\"><\/path><\/svg><\/a><\/div><\/div><\/div>\n<\/div>\n\n\n\n<div class=\"wp-block-uagb-container uagb-block-2c55e06f\">\n<div class=\"wp-block-uagb-image aligncenter uagb-block-231fd0f8 wp-block-uagb-image--layout-default wp-block-uagb-image--effect-static wp-block-uagb-image--align-center\"><figure class=\"wp-block-uagb-image__figure\"><img decoding=\"async\" srcset=\"https:\/\/ipsoar.org.ar\/site\/wp-content\/uploads\/2024\/11\/INVEST.jpg ,https:\/\/ipsoar.org.ar\/site\/wp-content\/uploads\/2024\/11\/INVEST.jpg 780w, https:\/\/ipsoar.org.ar\/site\/wp-content\/uploads\/2024\/11\/INVEST.jpg 360w\" sizes=\"auto, (max-width: 480px) 150px\" src=\"https:\/\/ipsoar.org.ar\/site\/wp-content\/uploads\/2024\/11\/INVEST.jpg\" alt=\"\" class=\"uag-image-1087\" width=\"174\" height=\"174\" title=\"INVEST\" loading=\"lazy\" role=\"img\"\/><\/figure><\/div>\n\n\n\n<div class=\"wp-block-uagb-info-box uagb-block-58244da7 uagb-infobox__content-wrap  uagb-infobox-icon-above-title uagb-infobox-image-valign-top\"><div class=\"uagb-ifb-content\"><div class=\"uagb-ifb-title-wrap\"><h5 class=\"uagb-ifb-title\">INVESTIGACIONES<\/h5><\/div><p class=\"uagb-ifb-desc\">Tiene como objetivo principal generar conocimiento riguroso y relevante que contribuya al dise\u00f1o e implementaci\u00f3n de pol\u00edticas p\u00fablicas y acciones orientadas al desarrollo social y humano del pa\u00eds. Reconocemos la importancia de contar con informaci\u00f3n precisa y actualizada para la toma de decisiones informadas, as\u00ed como la necesidad de investigar y comprender las din\u00e1micas sociales y los desaf\u00edos que enfrenta la sociedad argentina.<\/p><div class=\"uagb-ifb-button-wrapper wp-block-button\"><a href=\"#\" class=\"uagb-infobox-cta-link wp-block-button__link\" target=\"_self\" rel=\"noopener noreferrer\" onclick=\"return false;\"><span class=\"uagb-inline-editing\">+INFO<\/span><svg xmlns=\"https:\/\/www.w3.org\/2000\/svg\" viewBox=\"0 0 512 512\"><path d=\"M504.3 273.6l-112.1 104c-6.992 6.484-17.18 8.218-25.94 4.406c-8.758-3.812-14.42-12.45-14.42-21.1L351.9 288H32C14.33 288 .0002 273.7 .0002 255.1S14.33 224 32 224h319.9l0-72c0-9.547 5.66-18.19 14.42-22c8.754-3.809 18.95-2.075 25.94 4.41l112.1 104C514.6 247.9 514.6 264.1 504.3 273.6z\"><\/path><\/svg><\/a><\/div><\/div><\/div>\n<\/div>\n<\/div>\n<\/div><\/div>\n\n\n\n<div class=\"wp-block-uagb-separator uagb-block-a66304fa\"><div class=\"wp-block-uagb-separator__inner\" style=\"--my-background-image:\"><\/div><\/div>\n","protected":false},"excerpt":{"rendered":"<p>\u00bfQU\u00c9 HACEMOS? ESPACIOS DE TRABAJO<\/p>\n","protected":false},"author":1,"featured_media":0,"parent":0,"menu_order":0,"comment_status":"closed","ping_status":"closed","template":"","meta":{"_uag_custom_page_level_css":"","site-sidebar-layout":"no-sidebar","site-content-layout":"plain-container","ast-site-content-layout":"full-width-container","site-content-style":"unboxed","site-sidebar-style":"unboxed","ast-global-header-display":"","ast-banner-title-visibility":"","ast-main-header-display":"","ast-hfb-above-header-display":"","ast-hfb-below-header-display":"","ast-hfb-mobile-header-display":"","site-post-title":"disabled","ast-breadcrumbs-content":"","ast-featured-img":"","footer-sml-layout":"","ast-disable-related-posts":"","theme-transparent-header-meta":"enabled","adv-header-id-meta":"","stick-header-meta":"","header-above-stick-meta":"","header-main-stick-meta":"","header-below-stick-meta":"","astra-migrate-meta-layouts":"set","ast-page-background-enabled":"default","ast-page-background-meta":{"desktop":{"background-color":"","background-image":"","background-repeat":"repeat","background-position":"center center","background-size":"auto","background-attachment":"scroll","background-type":"","background-media":"","overlay-type":"","overlay-color":"","overlay-opacity":"","overlay-gradient":""},"tablet":{"background-color":"","background-image":"","background-repeat":"repeat","background-position":"center center","background-size":"auto","background-attachment":"scroll","background-type":"","background-media":"","overlay-type":"","overlay-color":"","overlay-opacity":"","overlay-gradient":""},"mobile":{"background-color":"","background-image":"","background-repeat":"repeat","background-position":"center center","background-size":"auto","background-attachment":"scroll","background-type":"","background-media":"","overlay-type":"","overlay-color":"","overlay-opacity":"","overlay-gradient":""}},"ast-content-background-meta":{"desktop":{"background-color":"var(--ast-global-color-5)","background-image":"","background-repeat":"repeat","background-position":"center center","background-size":"auto","background-attachment":"scroll","background-type":"","background-media":"","overlay-type":"","overlay-color":"","overlay-opacity":"","overlay-gradient":""},"tablet":{"background-color":"var(--ast-global-color-5)","background-image":"","background-repeat":"repeat","background-position":"center center","background-size":"auto","background-attachment":"scroll","background-type":"","background-media":"","overlay-type":"","overlay-color":"","overlay-opacity":"","overlay-gradient":""},"mobile":{"background-color":"var(--ast-global-color-5)","background-image":"","background-repeat":"repeat","background-position":"center center","background-size":"auto","background-attachment":"scroll","background-type":"","background-media":"","overlay-type":"","overlay-color":"","overlay-opacity":"","overlay-gradient":""}},"footnotes":""},"class_list":["post-10","page","type-page","status-publish","hentry"],"uagb_featured_image_src":{"full":false,"thumbnail":false,"medium":false,"medium_large":false,"large":false,"1536x1536":false,"2048x2048":false},"uagb_author_info":{"display_name":"admin","author_link":"https:\/\/ipsoar.org.ar\/site\/author\/admin\/"},"uagb_comment_info":0,"uagb_excerpt":"\u00bfQU\u00c9 HACEMOS? ESPACIOS DE TRABAJO","_links":{"self":[{"href":"https:\/\/ipsoar.org.ar\/site\/wp-json\/wp\/v2\/pages\/10","targetHints":{"allow":["GET"]}}],"collection":[{"href":"https:\/\/ipsoar.org.ar\/site\/wp-json\/wp\/v2\/pages"}],"about":[{"href":"https:\/\/ipsoar.org.ar\/site\/wp-json\/wp\/v2\/types\/page"}],"author":[{"embeddable":true,"href":"https:\/\/ipsoar.org.ar\/site\/wp-json\/wp\/v2\/users\/1"}],"replies":[{"embeddable":true,"href":"https:\/\/ipsoar.org.ar\/site\/wp-json\/wp\/v2\/comments?post=10"}],"version-history":[{"count":11,"href":"https:\/\/ipsoar.org.ar\/site\/wp-json\/wp\/v2\/pages\/10\/revisions"}],"predecessor-version":[{"id":1106,"href":"https:\/\/ipsoar.org.ar\/site\/wp-json\/wp\/v2\/pages\/10\/revisions\/1106"}],"wp:attachment":[{"href":"https:\/\/ipsoar.org.ar\/site\/wp-json\/wp\/v2\/media?parent=10"}],"curies":[{"name":"wp","href":"https:\/\/api.w.org\/{rel}","templated":true}]}}